{"id":1198,"date":"2025-03-04T13:11:01","date_gmt":"2025-03-04T12:11:01","guid":{"rendered":"https:\/\/2bfermcontrol.preview.jetzt\/pagina-de-inicio\/"},"modified":"2026-02-09T12:32:04","modified_gmt":"2026-02-09T11:32:04","slug":"pagina-de-inicio","status":"publish","type":"page","link":"https:\/\/www.2bfermcontrol.com\/es\/","title":{"rendered":"P\u00e1gina de inicio"},"content":{"rendered":"\n<p>Esta es una p\u00e1gina de ejemplo. Se diferencia de las entradas porque siempre permanece en el mismo lugar y se muestra en la navegaci\u00f3n del sitio web (con la mayor\u00eda de los temas). La mayor\u00eda empiezan con un pie de imprenta, la pol\u00edtica de privacidad o una p\u00e1gina \u00abSobre nosotros\u00bb para presentarse a los visitantes potenciales del sitio web. Por ejemplo, podr\u00eda decir   <\/p>\n\n<blockquote class=\"wp-block-quote is-layout-flow wp-block-quote-is-layout-flow\"><p>Hola, de d\u00eda trabajo como mensajero en bicicleta, de noche soy aspirante a actor y \u00e9sta es mi p\u00e1gina web. Vivo en Berl\u00edn, tengo un perro grande que se llama Jack, me gusta la pi\u00f1a colada pero no tanto que me dejen tirado bajo la lluvia (sin paraguas).  <\/p><\/blockquote>\n\n<p>&#8230; o algo parecido:<\/p>\n\n<blockquote class=\"wp-block-quote is-layout-flow wp-block-quote-is-layout-flow\"><p>La empresa XYZ se fund\u00f3 en 1971 y desde entonces suministra al p\u00fablico productos de alta calidad. Situada en una peque\u00f1a ciudad, la empresa emplea a m\u00e1s de 2.000 personas y apoya a los habitantes de la ciudad de muchas maneras. <\/p><\/blockquote>\n\n<p>Como nuevo usuario de WordPress, debes ir a <a href=\"https:\/\/p-yaks4d.project.space\/wp-admin\/\" target=\"_blank\" rel=\"noopener\">tu panel de control<\/a> para eliminar esta p\u00e1gina y crear nuevas p\u00e1ginas y entradas para tu sitio web. \u00a1Divi\u00e9rtete!<\/p>\n","protected":false},"excerpt":{"rendered":"<p>Esta es una p\u00e1gina de ejemplo. Se diferencia de las entradas porque siempre permanece en el mismo lugar y se muestra en la navegaci\u00f3n del sitio web (con la mayor\u00eda de los temas). La mayor\u00eda empiezan con un pie de imprenta, la pol\u00edtica de privacidad o una p\u00e1gina \u00abSobre nosotros\u00bb para presentarse a los visitantes [&hellip;]<\/p>\n","protected":false},"author":1,"featured_media":0,"parent":0,"menu_order":0,"comment_status":"closed","ping_status":"open","template":"page-home.php","meta":{"_acf_changed":false,"footnotes":""},"class_list":["post-1198","page","type-page","status-publish","hentry"],"acf":[],"_links":{"self":[{"href":"https:\/\/www.2bfermcontrol.com\/es\/wp-json\/wp\/v2\/pages\/1198","targetHints":{"allow":["GET"]}}],"collection":[{"href":"https:\/\/www.2bfermcontrol.com\/es\/wp-json\/wp\/v2\/pages"}],"about":[{"href":"https:\/\/www.2bfermcontrol.com\/es\/wp-json\/wp\/v2\/types\/page"}],"author":[{"embeddable":true,"href":"https:\/\/www.2bfermcontrol.com\/es\/wp-json\/wp\/v2\/users\/1"}],"replies":[{"embeddable":true,"href":"https:\/\/www.2bfermcontrol.com\/es\/wp-json\/wp\/v2\/comments?post=1198"}],"version-history":[{"count":3,"href":"https:\/\/www.2bfermcontrol.com\/es\/wp-json\/wp\/v2\/pages\/1198\/revisions"}],"predecessor-version":[{"id":1605,"href":"https:\/\/www.2bfermcontrol.com\/es\/wp-json\/wp\/v2\/pages\/1198\/revisions\/1605"}],"wp:attachment":[{"href":"https:\/\/www.2bfermcontrol.com\/es\/wp-json\/wp\/v2\/media?parent=1198"}],"curies":[{"name":"wp","href":"https:\/\/api.w.org\/{rel}","templated":true}]}}